{"id":35,"date":"2023-08-19T11:44:01","date_gmt":"2023-08-19T11:44:01","guid":{"rendered":"https:\/\/bettina-hennig.de\/?page_id=35"},"modified":"2023-08-19T11:44:01","modified_gmt":"2023-08-19T11:44:01","slug":"luise-koenigin-aus-liebe","status":"publish","type":"page","link":"https:\/\/bettina-hennig.de\/?page_id=35","title":{"rendered":"Luise &#8211; K\u00f6nigin aus Liebe"},"content":{"rendered":"\n<figure class=\"wp-block-gallery has-nested-images columns-default is-cropped wp-block-gallery-1 is-layout-flex wp-block-gallery-is-layout-flex\">\n<figure class=\"wp-block-image size-large\"><img loading=\"lazy\" decoding=\"async\" width=\"300\" height=\"456\" data-id=\"39\" src=\"https:\/\/bettina-hennig.de\/wp-content\/uploads\/2023\/08\/Bettina-HennigLuise-Koenigin-aus-Liebe.jpg\" alt=\"\" class=\"wp-image-39\" srcset=\"https:\/\/bettina-hennig.de\/wp-content\/uploads\/2023\/08\/Bettina-HennigLuise-Koenigin-aus-Liebe.jpg 300w, https:\/\/bettina-hennig.de\/wp-content\/uploads\/2023\/08\/Bettina-HennigLuise-Koenigin-aus-Liebe-197x300.jpg 197w\" sizes=\"(max-width: 300px) 100vw, 300px\" \/><\/figure>\n\n\n\n<figure class=\"wp-block-image size-large\"><img loading=\"lazy\" decoding=\"async\" width=\"120\" height=\"183\" data-id=\"41\" src=\"https:\/\/bettina-hennig.de\/wp-content\/uploads\/2023\/08\/img_buch_luise_koenigin_aus_liebe-3.jpg\" alt=\"\" class=\"wp-image-41\"\/><\/figure>\n\n\n\n<figure class=\"wp-block-image size-large\"><img loading=\"lazy\" decoding=\"async\" width=\"316\" height=\"500\" data-id=\"40\" src=\"https:\/\/bettina-hennig.de\/wp-content\/uploads\/2023\/08\/CoverLuise-Dotbooks-1.jpg\" alt=\"\" class=\"wp-image-40\" srcset=\"https:\/\/bettina-hennig.de\/wp-content\/uploads\/2023\/08\/CoverLuise-Dotbooks-1.jpg 316w, https:\/\/bettina-hennig.de\/wp-content\/uploads\/2023\/08\/CoverLuise-Dotbooks-1-190x300.jpg 190w\" sizes=\"(max-width: 316px) 100vw, 316px\" \/><\/figure>\n<\/figure>\n\n\n\n<div style=\"height:100px\" aria-hidden=\"true\" class=\"wp-block-spacer\"><\/div>\n\n\n\n<p><\/p>\n\n\n\n<h2 class=\"wp-block-heading\">Luise &#8211; K\u00f6nigin aus Liebe: Pressestimmen<\/h2>\n\n\n\n<p><\/p>\n\n\n\n<p><strong>\u201eSo liebevoll und spannend kann Geschichte sein.\u201c (<em>Das macht Spa\u00df!<\/em>)<br><br>\u00bbEin Buch zum Schwelgen und Schw\u00e4rmen.\u00ab (<em><a href=\"https:\/\/www.petra.de\/\" data-type=\"link\" data-id=\"https:\/\/www.petra.de\/\">Petra<\/a><\/em>)<br><br>\u00bbEine Geschichte voll praller Lebenslust.\u00ab (<em><a href=\"https:\/\/www.mopo.de\/\">Hamburger Morgenpost<\/a><\/em>)<br><br>\u00bbKlasse zum Wegschm\u00f6kern!\u00ab (<a href=\"https:\/\/www.neuepresse.de\" data-type=\"link\" data-id=\"https:\/\/www.neuepresse.de\"><em>Neue Presse<\/em>)<\/a><\/strong><\/p>\n\n\n\n<div style=\"height:100px\" aria-hidden=\"true\" class=\"wp-block-spacer\"><\/div>\n\n\n\n<figure class=\"wp-block-image size-full\"><img loading=\"lazy\" decoding=\"async\" width=\"980\" height=\"360\" src=\"https:\/\/bettina-hennig.de\/wp-content\/uploads\/2023\/08\/luise_980_50127.jpg\" alt=\"\" class=\"wp-image-43\" srcset=\"https:\/\/bettina-hennig.de\/wp-content\/uploads\/2023\/08\/luise_980_50127.jpg 980w, https:\/\/bettina-hennig.de\/wp-content\/uploads\/2023\/08\/luise_980_50127-300x110.jpg 300w, https:\/\/bettina-hennig.de\/wp-content\/uploads\/2023\/08\/luise_980_50127-768x282.jpg 768w\" sizes=\"(max-width: 980px) 100vw, 980px\" \/><\/figure>\n\n\n\n<h2 class=\"wp-block-heading\"><br>Luise K\u00f6nigin von Preu\u00dfen: \u201eNichts kleidet mehr als ein erfrischendes Lachen!\u201c<\/h2>\n\n\n\n<p>Starreporterin Bettina Hennig traf sich diesmal nicht mit Madonna, sondern mit K\u00f6nigin Luise von Preu\u00dfen. F\u00fcr die Recherchen zu ihrem historischen Roman \u201eLuise. K\u00f6nigin aus Liebe\u201c sprach sie mit der Monarchin, die als \u201ePrinzessin Diana Preu\u00dfens\u201c gilt, \u00fcber Mode, Stil und Geschmack \u2013 und entlockte ihr sogar einen immer g\u00fcltigen Styling-Tipp.<\/p>\n\n\n\n<p><em>Sie ist der Star ihrer Zeit. Sie ist die sch\u00f6nste Monarchin Deutschlands. Sie gl\u00e4nzt mit Anmut, Herzensw\u00e4rme und Geist. Exklusiv! K\u00f6nigin Luise von Preu\u00dfen: \u201eNichts kleidet mehr als ein erfrischendes Lachen!\u201c<\/em><\/p>\n\n\n\n<p><strong>Majest\u00e4t, Ihr geltet als Stil-Ikone Ihrer Zeit. Was ist das Geheimnis von wahrem Stil?<\/strong><br>&#8222;Betont Eure St\u00e4rken und kaschiert Eure Schw\u00e4chen. Und wenn beides nicht geht, lasst die Phantasie spielen und gehorcht keiner Doktrin. Einmal, es war im Fr\u00fchjahr 1794, kurz nach meiner Hochzeit, hatte ich am Hals eine ganz f\u00fcrchterliche Schwellung. Ich habe einfach ein Gazeband genommen und mehrfach um den Kopf und den Hals geschlungen und somit diese Schwellung versteckt. Es war eine Verlegenheit, die mich auf diese Idee gebracht hat und schon wenige Tage sp\u00e4ter habe ich bemerken k\u00f6nnen, dass die Damen der Gesellschaft mir diesen Kopfputz nachahmten. Ich habe mich k\u00f6stlich dar\u00fcber am\u00fcsiert.&#8220;<\/p>\n\n\n\n<p><strong>W\u00fcrden Sie mir zustimmen, wenn ich sagte: Das beweist, dass man auch mit wenig Budget, aber mit Raffinesse fantastisch aussehen kann?<\/strong><br>&#8222;Absolut. Denn auch ich habe Zeiten hinter mir, in der ich mir nicht immer das Neuste leisten konnte. Als ich noch bei meiner Gro\u00dfmutter in Darmstadt lebte, habe wir die alten Kleider meiner verstorbenen Mutter ausgebessert und aufgetragen \u2013 und sie waren keineswegs mehr nach dem neusten Geschmack. Wir haben die \u00c4rmel mit Borten und R\u00fcschen verl\u00e4ngert und die \u00dcberr\u00f6cke mit selbstgestickten R\u00f6schen verziert. Und an die Pantoffeln mag ich gar nicht mehr denken. Sie waren mit Flicken \u00fcbers\u00e4t und ich habe mich immer geniert, und meine F\u00fc\u00dfe unter dem Rock versteckt, wenn ich auf B\u00e4llen oder im Theater war\u2026&#8220;<\/p>\n\n\n\n<p><strong>Ihr habt Euch versteckt?<\/strong><br>&#8222;Im Gegenteil. Nur die F\u00fc\u00dfe habe ich versteckt, aber ich habe jeden Ball, den ich besuchen durfte, f\u00fcr den gro\u00dfen Aufritt genutzt. Den Kaiserball von 1792 zur Feier der Kr\u00f6nung Franz II., den der Graf Esterhazy ausgerichtet hat, habe ich sogar er\u00f6ffnet \u2013 mit keinem Geringeren als F\u00fcrst Metternich.&#8220;<\/p>\n\n\n\n<p><strong>Wieso Geringerem? Er steht weit unter Eurem Rang\u2026<\/strong><br>&#8222;Ach, damals waren wir \u2013 meine Schwester Friederike und ich \u2013 doch nur zwei unbedeutende Prinzessinnen, die keine besondere Achtung genossen.&#8220;<\/p>\n\n\n\n<p><em>(Anmerkung der Redaktion: Luise ist eine geborene Prinzessin von Mecklenburg-Strelitz, und ihre Behauptung, sie sei von geringer Bedeutung, eine Untertreibung: Denn sie geh\u00f6rte \u2013 im Gegensatz zum F\u00fcrsten Metternich \u2013 einem regierenden Haus an, ihre Tante Charlotte von Mecklenburg-Strelitz war keine geringere als die K\u00f6nigin von England)<\/em><\/p>\n\n\n\n<p><strong>Wie habt Ihr es dennoch geschafft, auf diesen Ball zu kommen?<\/strong><br>&#8222;Ich kann nur sagen: Pflegen Sie Ihre Kontakte. Es waren die zahlreichen Freundschaften, die meine Gro\u00dfmutter, die Prinzessin Georg, durch t\u00e4gliche Korrespondenz am Leben gehalten und immer wieder erneuert hat. Zun\u00e4chst war meine gesamte Familie nicht eingeladen. Doch meine geliebte Gro\u00dfmutter hat eiligst einen Brief an die Mutter des Grafen Esterhazy geschickt, mit der sie schon \u00fcber Jahrzehnte eine Freundschaft pflegte, und diese wiederum auf ihren Enkel eingewirkt, so dass wir rechtzeitig vor dem gro\u00dfen Ereignis eine Einladung zugestellt bekommen haben, und in Frankfurt am Main Quartier machen konnten. Meine Gro\u00dfmutter korrespondierte sogar mit der K\u00f6nigin Marie Antoinette. Sie hat ihr vorgeschlagen, sie aus der Haft zu befreien, denn sie verf\u00fcgte \u00fcber zahlreiche Verbindungen, aber diese hochm\u00fctige \u00d6sterreicherin hat es schlichtweg abgelehnt, diese Hilfe anzunehmen. Nun, wir wissen, wem die Geschichte recht gegeben hat.&#8220;<\/p>\n\n\n\n<p><strong>Lassen Sie uns zum Kaiserball zur\u00fcck kommen: Man h\u00f6rt, dass Ihr den Ball beinahe verpasst h\u00e4ttet.<\/strong><br>&#8222;An diesem Nachmittag hatte sich die Lage zugespitzt. Unsere Garderobe war ja, wie Sie bereits wissen, nicht fein, und so habe ich wenigstens darauf geachtet, dass meine Frisur der neusten Mode entspricht. Das Fr\u00e4ulein Marico, dieses ungeschickte Ding, hat mir dabei eine Locke verbrannt. Und so mussten eiligst ein paar B\u00e4nder herbeigeschafft und ins Haar gebunden werden. Dabei habe ich den Mahnruf der Gro\u00dfmutter mehrere Male \u00fcberh\u00f6rt und als ich endlich durch die T\u00fcr st\u00fcrmte und auf den Gro\u00dfen Hirschgraben trat, hatte sie dem Kutscher bereits Befehl gegeben zu fahren.&#8220;<\/p>\n\n\n\n<p><strong>Ich muss kurz einhaken. Ihr sagt, Ihr seid vom Gro\u00dfen Hirschgraben aus gefahren. Wohnt da nicht der Dichter Johann Wolfgang von Goethe?<\/strong><br>&#8222;In der Tat. Wir hatten bei ihm Quartier genommen.&#8220;<\/p>\n\n\n\n<p><strong>Verstehe ich das richtig? Ihr habt bei Goethe gewohnt?<\/strong><br>&#8222;Ja, das war damals so \u00fcblich, dass die B\u00fcrger der Stadt Frankfurt zur Kaiserkr\u00f6nung den Anreisenden ihre H\u00e4user zur Verf\u00fcgung stellten. Meine Geschwister und ich sind bei Aja, der Mutter Goethes untergekommen. Sie hat uns immer mit Pfannkuchen bekocht. Und sie hatte einen herrlichen Innenhof mit einem Brunnen. Wir haben es uns zum Vergn\u00fcgen gemacht, sie mit dem Wasser zu bespritzen. Ein Gl\u00fcck, dass sie Humor hatte und sie uns unser Sp\u00e4\u00dfe nicht ver\u00fcbelt hat.&#8220;<\/p>\n\n\n\n<p><strong>Zur\u00fcck zum Kaiserball: Wie seid ihr letztlich dahin gekommen?<\/strong><br>&#8222;Den ganzen Weg bis zum Ball bin ich der Kutsche hinterher gerannt, und kam gleichzeitig mit Gro\u00dfmutters Kutsche dort an.&#8220;<\/p>\n\n\n\n<p><strong>Ihr m\u00fcsst g\u00e4nzlich derangiert gewesen sein?<\/strong><br>&#8222;Gewiss nicht. Denn nun kann ich das Geheimnis waren Stils enth\u00fcllen: Jeder Person, ob nun von Stand oder nicht, kleidet nichts mehr als ein erfrischendes Lachen. Am\u00fcsiert die Menschen, und Ihnen werden alle T\u00fcren offen stehen&#8230;.&#8220;<\/p>\n","protected":false},"excerpt":{"rendered":"<p>Luise &#8211; K\u00f6nigin aus Liebe: Pressestimmen \u201eSo liebevoll und spannend kann Geschichte sein.\u201c (Das macht Spa\u00df!) \u00bbEin Buch zum Schwelgen und Schw\u00e4rmen.\u00ab (Petra) \u00bbEine Geschichte voll praller Lebenslust.\u00ab (Hamburger Morgenpost) \u00bbKlasse zum Wegschm\u00f6kern!\u00ab (Neue Presse) Luise K\u00f6nigin von Preu\u00dfen: \u201eNichts kleidet mehr als ein erfrischendes Lachen!\u201c Starreporterin Bettina Hennig traf sich diesmal nicht mit Madonna, [&hellip;]<\/p>\n","protected":false},"author":1,"featured_media":36,"parent":0,"menu_order":0,"comment_status":"closed","ping_status":"closed","template":"","meta":{"footnotes":""},"blog_post_layout_featured_media_urls":{"thumbnail":["https:\/\/bettina-hennig.de\/wp-content\/uploads\/2023\/08\/img_buch_luise_koenigin_aus_liebe-2-120x150.jpg",120,150,true],"full":["https:\/\/bettina-hennig.de\/wp-content\/uploads\/2023\/08\/img_buch_luise_koenigin_aus_liebe-2.jpg",120,183,false]},"categories_names":null,"comments_number":"0","wpmagazine_modules_lite_featured_media_urls":{"thumbnail":["https:\/\/bettina-hennig.de\/wp-content\/uploads\/2023\/08\/img_buch_luise_koenigin_aus_liebe-2-120x150.jpg",120,150,true],"cvmm-medium":["https:\/\/bettina-hennig.de\/wp-content\/uploads\/2023\/08\/img_buch_luise_koenigin_aus_liebe-2.jpg",120,183,false],"cvmm-medium-plus":["https:\/\/bettina-hennig.de\/wp-content\/uploads\/2023\/08\/img_buch_luise_koenigin_aus_liebe-2.jpg",120,183,false],"cvmm-portrait":["https:\/\/bettina-hennig.de\/wp-content\/uploads\/2023\/08\/img_buch_luise_koenigin_aus_liebe-2.jpg",120,183,false],"cvmm-medium-square":["https:\/\/bettina-hennig.de\/wp-content\/uploads\/2023\/08\/img_buch_luise_koenigin_aus_liebe-2.jpg",120,183,false],"cvmm-large":["https:\/\/bettina-hennig.de\/wp-content\/uploads\/2023\/08\/img_buch_luise_koenigin_aus_liebe-2.jpg",120,183,false],"cvmm-small":["https:\/\/bettina-hennig.de\/wp-content\/uploads\/2023\/08\/img_buch_luise_koenigin_aus_liebe-2.jpg",62,95,false],"full":["https:\/\/bettina-hennig.de\/wp-content\/uploads\/2023\/08\/img_buch_luise_koenigin_aus_liebe-2.jpg",120,183,false]},"_links":{"self":[{"href":"https:\/\/bettina-hennig.de\/index.php?rest_route=\/wp\/v2\/pages\/35"}],"collection":[{"href":"https:\/\/bettina-hennig.de\/index.php?rest_route=\/wp\/v2\/pages"}],"about":[{"href":"https:\/\/bettina-hennig.de\/index.php?rest_route=\/wp\/v2\/types\/page"}],"author":[{"embeddable":true,"href":"https:\/\/bettina-hennig.de\/index.php?rest_route=\/wp\/v2\/users\/1"}],"replies":[{"embeddable":true,"href":"https:\/\/bettina-hennig.de\/index.php?rest_route=%2Fwp%2Fv2%2Fcomments&post=35"}],"version-history":[{"count":3,"href":"https:\/\/bettina-hennig.de\/index.php?rest_route=\/wp\/v2\/pages\/35\/revisions"}],"predecessor-version":[{"id":44,"href":"https:\/\/bettina-hennig.de\/index.php?rest_route=\/wp\/v2\/pages\/35\/revisions\/44"}],"wp:featuredmedia":[{"embeddable":true,"href":"https:\/\/bettina-hennig.de\/index.php?rest_route=\/wp\/v2\/media\/36"}],"wp:attachment":[{"href":"https:\/\/bettina-hennig.de\/index.php?rest_route=%2Fwp%2Fv2%2Fmedia&parent=35"}],"curies":[{"name":"wp","href":"https:\/\/api.w.org\/{rel}","templated":true}]}}